{"id":166,"date":"2020-12-04T14:30:18","date_gmt":"2020-12-04T14:30:18","guid":{"rendered":"https:\/\/aviso.ch\/?page_id=166"},"modified":"2023-04-25T06:58:09","modified_gmt":"2023-04-25T06:58:09","slug":"company","status":"publish","type":"page","link":"https:\/\/aviso.ch\/en\/company\/","title":{"rendered":"Company"},"content":{"rendered":"<p><div class=\"fusion-fullwidth fullwidth-box fusion-builder-row-1 fusion-flex-container hundred-percent-fullwidth non-hundred-percent-height-scrolling\" style=\"background-color: rgba(255,255,255,0);background-position: center center;background-repeat: no-repeat;border-width: 0px 0px 0px 0px;border-color:#e2e2e2;border-style:solid;\" ><div class=\"fusion-builder-row fusion-row fusion-flex-align-items-flex-start\" style=\"width:104% !important;max-width:104% !important;margin-left: calc(-4% \/ 2 );margin-right: calc(-4% \/ 2 );\"><div class=\"fusion-layout-column fusion_builder_column fusion-builder-column-0 fusion_builder_column_1_1 1_1 fusion-flex-column\"><div class=\"fusion-column-wrapper fusion-flex-justify-content-flex-start fusion-content-layout-column\" style=\"background-position:left top;background-repeat:no-repeat;-webkit-background-size:cover;-moz-background-size:cover;-o-background-size:cover;background-size:cover;padding: 0px 0px 0px 0px;\"><div style=\"text-align:center;\"><span class=\" fusion-imageframe imageframe-none imageframe-1 hover-type-none\"><img width=\"2400\" height=\"420\" title=\"aviso-header-4\" src=\"https:\/\/new.aviso.ch\/wp-content\/uploads\/2020\/11\/aviso-header-4.jpg\" class=\"img-responsive wp-image-192\" srcset=\"https:\/\/aviso.ch\/wp-content\/uploads\/2020\/11\/aviso-header-4-200x35.jpg 200w, https:\/\/aviso.ch\/wp-content\/uploads\/2020\/11\/aviso-header-4-400x70.jpg 400w, https:\/\/aviso.ch\/wp-content\/uploads\/2020\/11\/aviso-header-4-600x105.jpg 600w, https:\/\/aviso.ch\/wp-content\/uploads\/2020\/11\/aviso-header-4-800x140.jpg 800w, https:\/\/aviso.ch\/wp-content\/uploads\/2020\/11\/aviso-header-4-1200x210.jpg 1200w, https:\/\/aviso.ch\/wp-content\/uploads\/2020\/11\/aviso-header-4.jpg 2400w\" sizes=\"(max-width: 640px) 100vw, 1200px\" \/><\/span><\/div><\/div><\/div><style type=\"text\/css\">.fusion-body .fusion-builder-column-0{width:100% !important;margin-top : 0px;margin-bottom : 20px;}.fusion-builder-column-0 > .fusion-column-wrapper {padding-top : 0px !important;padding-right : 0 !important;margin-right : 1.92%;padding-bottom : 0px !important;padding-left : 0 !important;margin-left : 1.92%;}@media only screen and (max-width:1024px) {.fusion-body .fusion-builder-column-0{width:100% !important;order : 0;}.fusion-builder-column-0 > .fusion-column-wrapper {margin-right : 1.92%;margin-left : 1.92%;}}@media only screen and (max-width:640px) {.fusion-body .fusion-builder-column-0{width:100% !important;order : 0;}.fusion-builder-column-0 > .fusion-column-wrapper {margin-right : 1.92%;margin-left : 1.92%;}}<\/style><\/div><style type=\"text\/css\">.fusion-body .fusion-flex-container.fusion-builder-row-1{ padding-top : 0px;margin-top : 0px;padding-right : 0px;padding-bottom : 0px;margin-bottom : 0px;padding-left : 0px;}<\/style><\/div><div class=\"fusion-fullwidth fullwidth-box fusion-builder-row-2 fusion-flex-container nonhundred-percent-fullwidth non-hundred-percent-height-scrolling\" style=\"background-color: rgba(255,255,255,0);background-position: center center;background-repeat: no-repeat;border-width: 0px 0px 0px 0px;border-color:#e2e2e2;border-style:solid;\" ><div class=\"fusion-builder-row fusion-row fusion-flex-align-items-flex-start\" style=\"max-width:1248px;margin-left: calc(-4% \/ 2 );margin-right: calc(-4% \/ 2 );\"><div class=\"fusion-layout-column fusion_builder_column fusion-builder-column-1 fusion_builder_column_3_4 3_4 fusion-flex-column\"><div class=\"fusion-column-wrapper fusion-flex-justify-content-flex-start fusion-content-layout-column\" style=\"background-position:left top;background-repeat:no-repeat;-webkit-background-size:cover;-moz-background-size:cover;-o-background-size:cover;background-size:cover;padding: 0px 0px 0px 0px;\"><div class=\"fusion-text fusion-text-1\" style=\"transform:translate3d(0,0,0);\"><h1>Our company<\/h1>\n<\/div><div class=\"fusion-text fusion-text-2\" style=\"transform:translate3d(0,0,0);\"><p>Welcome to Aviso Treuhand AG<\/p>\n<p>For more than 30 years we provide all fiduciary services. We offer you personal advice and support, professional competence and quality. Discretion and adherence to deadlines are a matter of course for us.<\/p>\n<\/div><\/div><\/div><style type=\"text\/css\">.fusion-body .fusion-builder-column-1{width:75% !important;margin-top : 0px;margin-bottom : 20px;}.fusion-builder-column-1 > .fusion-column-wrapper {padding-top : 0px !important;padding-right : 0px !important;margin-right : 2.56%;padding-bottom : 0px !important;padding-left : 0px !important;margin-left : 2.56%;}@media only screen and (max-width:1024px) {.fusion-body .fusion-builder-column-1{width:75% !important;order : 0;}.fusion-builder-column-1 > .fusion-column-wrapper {margin-right : 2.56%;margin-left : 2.56%;}}@media only screen and (max-width:640px) {.fusion-body .fusion-builder-column-1{width:100% !important;order : 0;}.fusion-builder-column-1 > .fusion-column-wrapper {margin-right : 1.92%;margin-left : 1.92%;}}<\/style><\/div><style type=\"text\/css\">.fusion-body .fusion-flex-container.fusion-builder-row-2{ padding-top : 0px;margin-top : 0px;padding-right : 0px;padding-bottom : 0px;margin-bottom : 0px;padding-left : 0px;}<\/style><\/div><div class=\"fusion-fullwidth fullwidth-box fusion-builder-row-3 fusion-flex-container nonhundred-percent-fullwidth non-hundred-percent-height-scrolling\" style=\"background-color: rgba(255,255,255,0);background-position: center center;background-repeat: no-repeat;border-width: 0px 0px 0px 0px;border-color:#e2e2e2;border-style:solid;\" ><div class=\"fusion-builder-row fusion-row fusion-flex-align-items-flex-start\" style=\"max-width:1248px;margin-left: calc(-4% \/ 2 );margin-right: calc(-4% \/ 2 );\"><div class=\"fusion-layout-column fusion_builder_column fusion-builder-column-2 fusion_builder_column_1_3 1_3 fusion-flex-column\"><div class=\"fusion-column-wrapper fusion-flex-justify-content-flex-start fusion-content-layout-column\" style=\"background-position:left top;background-repeat:no-repeat;-webkit-background-size:cover;-moz-background-size:cover;-o-background-size:cover;background-size:cover;padding: 0px 0px 0px 0px;\"><div ><span class=\" fusion-imageframe imageframe-none imageframe-2 hover-type-none\"><img width=\"300\" height=\"300\" title=\"ac_300\" src=\"https:\/\/new.aviso.ch\/wp-content\/uploads\/2020\/11\/ac_300-300x300.jpg\" class=\"img-responsive wp-image-169\" srcset=\"https:\/\/aviso.ch\/wp-content\/uploads\/2020\/11\/ac_300-200x200.jpg 200w, https:\/\/aviso.ch\/wp-content\/uploads\/2020\/11\/ac_300.jpg 300w\" sizes=\"(max-width: 640px) 100vw, 300px\" \/><\/span><\/div><div class=\"fusion-separator fusion-full-width-sep\" style=\"align-self: center;margin-left: auto;margin-right: auto;margin-top:15px;width:100%;\"><\/div><div class=\"fusion-text fusion-text-3\" style=\"transform:translate3d(0,0,0);\"><p>Andrew Chapman<\/p>\n<p style=\"font-weight: 400;\">Managing Partner<br \/>\nPartner, PwC Switzerland 2000 \u2013 2016<br \/>\nMa\u00eetrise-en-Droit, Universit\u00e9 de Paris Panth\u00e9on-Sorbonne, former Avocat<br \/>\nLLB (Hons) King\u2019s College London<\/p>\n<\/div><\/div><\/div><style type=\"text\/css\">.fusion-body .fusion-builder-column-2{width:33.333333333333% !important;margin-top : 0px;margin-bottom : 20px;}.fusion-builder-column-2 > .fusion-column-wrapper {padding-top : 0px !important;padding-right : 0px !important;margin-right : 5.76%;padding-bottom : 0px !important;padding-left : 0px !important;margin-left : 5.76%;}@media only screen and (max-width:1024px) {.fusion-body .fusion-builder-column-2{width:33.333333333333% !important;order : 0;}.fusion-builder-column-2 > .fusion-column-wrapper {margin-right : 5.76%;margin-left : 5.76%;}}@media only screen and (max-width:640px) {.fusion-body .fusion-builder-column-2{width:100% !important;order : 0;}.fusion-builder-column-2 > .fusion-column-wrapper {margin-right : 1.92%;margin-left : 1.92%;}}<\/style><div class=\"fusion-layout-column fusion_builder_column fusion-builder-column-3 fusion_builder_column_1_3 1_3 fusion-flex-column\"><div class=\"fusion-column-wrapper fusion-flex-justify-content-flex-start fusion-content-layout-column\" style=\"background-position:left top;background-repeat:no-repeat;-webkit-background-size:cover;-moz-background-size:cover;-o-background-size:cover;background-size:cover;padding: 0px 0px 0px 0px;\"><div class=\"fusion-separator fusion-full-width-sep\" style=\"align-self: center;margin-left: auto;margin-right: auto;margin-top:15px;width:100%;\"><\/div><\/div><\/div><style type=\"text\/css\">.fusion-body .fusion-builder-column-3{width:33.333333333333% !important;margin-top : 0px;margin-bottom : 20px;}.fusion-builder-column-3 > .fusion-column-wrapper {padding-top : 0px !important;padding-right : 0px !important;margin-right : 5.76%;padding-bottom : 0px !important;padding-left : 0px !important;margin-left : 5.76%;}@media only screen and (max-width:1024px) {.fusion-body .fusion-builder-column-3{width:33.333333333333% !important;order : 0;}.fusion-builder-column-3 > .fusion-column-wrapper {margin-right : 5.76%;margin-left : 5.76%;}}@media only screen and (max-width:640px) {.fusion-body .fusion-builder-column-3{width:100% !important;order : 0;}.fusion-builder-column-3 > .fusion-column-wrapper {margin-right : 1.92%;margin-left : 1.92%;}}<\/style><div class=\"fusion-layout-column fusion_builder_column fusion-builder-column-4 fusion_builder_column_1_3 1_3 fusion-flex-column\"><div class=\"fusion-column-wrapper fusion-flex-justify-content-flex-start fusion-content-layout-column\" style=\"background-position:left top;background-repeat:no-repeat;-webkit-background-size:cover;-moz-background-size:cover;-o-background-size:cover;background-size:cover;padding: 0px 0px 0px 0px;\"><div class=\"fusion-widget-area fusion-widget-area-1 fusion-content-widget-area\"><style type=\"text\/css\">.fusion-widget-area-1 {padding:0px 0px 0px 0px;}.fusion-widget-area-1 .widget h4 {color:#212934;}.fusion-widget-area-1 .widget .heading h4 {color:#212934;}<\/style><div id=\"text-4\" class=\"widget widget_text\" style=\"padding: 30px;background-color: #e5e5e5;border-style: solid;border-color:transparent;border-width:0px;\">\t\t\t<div class=\"textwidget\"><p><img class=\"alignnone size-full wp-image-31\" src=\"https:\/\/aviso.ch\/wp-content\/uploads\/2020\/11\/logo-treuhand-suisse-basel.jpg\" alt=\"\" width=\"400\" height=\"177\" \/><\/p>\n<p><img class=\"alignnone size-full wp-image-31\" src=\"https:\/\/new.aviso.ch\/wp-content\/uploads\/2020\/11\/logo-gewerbeverband-basel.jpg\" alt=\"\" width=\"400\" height=\"177\" srcset=\"https:\/\/aviso.ch\/wp-content\/uploads\/2020\/11\/logo-gewerbeverband-basel-200x89.jpg 200w, https:\/\/aviso.ch\/wp-content\/uploads\/2020\/11\/logo-gewerbeverband-basel-300x133.jpg 300w, https:\/\/aviso.ch\/wp-content\/uploads\/2020\/11\/logo-gewerbeverband-basel.jpg 400w\" sizes=\"(max-width: 400px) 100vw, 400px\" \/><\/p>\n<p><img class=\"alignnone size-full wp-image-32\" src=\"https:\/\/new.aviso.ch\/wp-content\/uploads\/2020\/11\/logo-handelskammer-basel.jpg\" alt=\"\" width=\"400\" height=\"101\" srcset=\"https:\/\/aviso.ch\/wp-content\/uploads\/2020\/11\/logo-handelskammer-basel-200x51.jpg 200w, https:\/\/aviso.ch\/wp-content\/uploads\/2020\/11\/logo-handelskammer-basel-300x76.jpg 300w, https:\/\/aviso.ch\/wp-content\/uploads\/2020\/11\/logo-handelskammer-basel.jpg 400w\" sizes=\"(max-width: 400px) 100vw, 400px\" \/><\/p>\n<\/div>\n\t\t<\/div><div id=\"text-7\" class=\"widget widget_text\" style=\"border-style: solid;border-color:transparent;border-width:0px;\">\t\t\t<div class=\"textwidget\"><p><strong>Aviso Treuhand AG<\/strong><strong><br \/>\n<\/strong>Viaduktstrasse 65 \/ Pelikanweg 2<br \/>\nPostfach,\u00a0CH-4002 Basel<\/p>\n<p><a href=\"https:\/\/goo.gl\/maps\/rWvhwzqSxS7HotFQA\" target=\"_blank\" rel=\"noopener\">Map<\/a><\/p>\n<p>Phone: +41 61 227 94 00<br \/>\nFax: +41 61 227 94 10<br \/>\nE-Mail: <a href=\"mailto:kontakt@aviso.ch\" target=\"_blank\" rel=\"noopener noreferrer\">kontakt@aviso.ch<\/a><\/p>\n<\/div>\n\t\t<\/div><div class=\"fusion-additional-widget-content\"><\/div><\/div><\/div><\/div><style type=\"text\/css\">.fusion-body .fusion-builder-column-4{width:33.333333333333% !important;margin-top : 0px;margin-bottom : 20px;}.fusion-builder-column-4 > .fusion-column-wrapper {padding-top : 0px !important;padding-right : 0px !important;margin-right : 5.76%;padding-bottom : 0px !important;padding-left : 0px !important;margin-left : 5.76%;}@media only screen and (max-width:1024px) {.fusion-body .fusion-builder-column-4{width:33.333333333333% !important;order : 0;}.fusion-builder-column-4 > .fusion-column-wrapper {margin-right : 5.76%;margin-left : 5.76%;}}@media only screen and (max-width:640px) {.fusion-body .fusion-builder-column-4{width:100% !important;order : 0;}.fusion-builder-column-4 > .fusion-column-wrapper {margin-right : 1.92%;margin-left : 1.92%;}}<\/style><\/div><style type=\"text\/css\">.fusion-body .fusion-flex-container.fusion-builder-row-3{ padding-top : 0px;margin-top : 0px;padding-right : 0px;padding-bottom : 0px;margin-bottom : 0px;padding-left : 0px;}<\/style><\/div><\/p>\n","protected":false},"excerpt":{"rendered":"","protected":false},"author":2,"featured_media":0,"parent":0,"menu_order":0,"comment_status":"closed","ping_status":"closed","template":"100-width.php","meta":[],"_links":{"self":[{"href":"https:\/\/aviso.ch\/en\/wp-json\/wp\/v2\/pages\/166"}],"collection":[{"href":"https:\/\/aviso.ch\/en\/wp-json\/wp\/v2\/pages"}],"about":[{"href":"https:\/\/aviso.ch\/en\/wp-json\/wp\/v2\/types\/page"}],"author":[{"embeddable":true,"href":"https:\/\/aviso.ch\/en\/wp-json\/wp\/v2\/users\/2"}],"replies":[{"embeddable":true,"href":"https:\/\/aviso.ch\/en\/wp-json\/wp\/v2\/comments?post=166"}],"version-history":[{"count":4,"href":"https:\/\/aviso.ch\/en\/wp-json\/wp\/v2\/pages\/166\/revisions"}],"predecessor-version":[{"id":253,"href":"https:\/\/aviso.ch\/en\/wp-json\/wp\/v2\/pages\/166\/revisions\/253"}],"wp:attachment":[{"href":"https:\/\/aviso.ch\/en\/wp-json\/wp\/v2\/media?parent=166"}],"curies":[{"name":"wp","href":"https:\/\/api.w.org\/{rel}","templated":true}]}}