{"id":221,"date":"2020-11-27T12:34:16","date_gmt":"2020-11-27T12:34:16","guid":{"rendered":"https:\/\/aviso.ch\/datenschutz\/"},"modified":"2020-11-27T12:34:16","modified_gmt":"2020-11-27T12:34:16","slug":"datenschutz","status":"publish","type":"page","link":"https:\/\/aviso.ch\/en\/datenschutz\/","title":{"rendered":"Datenschutz"},"content":{"rendered":"<p><div class=\"fusion-fullwidth fullwidth-box fusion-builder-row-1 fusion-flex-container hundred-percent-fullwidth non-hundred-percent-height-scrolling\" style=\"background-color: rgba(255,255,255,0);background-position: center center;background-repeat: no-repeat;border-width: 0px 0px 0px 0px;border-color:#e2e2e2;border-style:solid;\" ><div class=\"fusion-builder-row fusion-row fusion-flex-align-items-flex-start\" style=\"width:104% !important;max-width:104% !important;margin-left: calc(-4% \/ 2 );margin-right: calc(-4% \/ 2 );\"><div class=\"fusion-layout-column fusion_builder_column fusion-builder-column-0 fusion_builder_column_1_1 1_1 fusion-flex-column\"><div class=\"fusion-column-wrapper fusion-flex-justify-content-flex-start fusion-content-layout-column\" style=\"background-position:left top;background-repeat:no-repeat;-webkit-background-size:cover;-moz-background-size:cover;-o-background-size:cover;background-size:cover;padding: 0px 0px 0px 0px;\"><div style=\"text-align:center;\"><span class=\" fusion-imageframe imageframe-none imageframe-1 hover-type-none\"><img width=\"2400\" height=\"420\" title=\"aviso-header-4\" src=\"https:\/\/new.aviso.ch\/wp-content\/uploads\/2020\/11\/aviso-header-4.jpg\" class=\"img-responsive wp-image-192\" srcset=\"https:\/\/aviso.ch\/wp-content\/uploads\/2020\/11\/aviso-header-4-200x35.jpg 200w, https:\/\/aviso.ch\/wp-content\/uploads\/2020\/11\/aviso-header-4-400x70.jpg 400w, https:\/\/aviso.ch\/wp-content\/uploads\/2020\/11\/aviso-header-4-600x105.jpg 600w, https:\/\/aviso.ch\/wp-content\/uploads\/2020\/11\/aviso-header-4-800x140.jpg 800w, https:\/\/aviso.ch\/wp-content\/uploads\/2020\/11\/aviso-header-4-1200x210.jpg 1200w, https:\/\/aviso.ch\/wp-content\/uploads\/2020\/11\/aviso-header-4.jpg 2400w\" sizes=\"(max-width: 640px) 100vw, 1200px\" \/><\/span><\/div><\/div><\/div><style type=\"text\/css\">.fusion-body .fusion-builder-column-0{width:100% !important;margin-top : 0px;margin-bottom : 20px;}.fusion-builder-column-0 > .fusion-column-wrapper {padding-top : 0px !important;padding-right : 0 !important;margin-right : 1.92%;padding-bottom : 0px !important;padding-left : 0 !important;margin-left : 1.92%;}@media only screen and (max-width:1024px) {.fusion-body .fusion-builder-column-0{width:100% !important;order : 0;}.fusion-builder-column-0 > .fusion-column-wrapper {margin-right : 1.92%;margin-left : 1.92%;}}@media only screen and (max-width:640px) {.fusion-body .fusion-builder-column-0{width:100% !important;order : 0;}.fusion-builder-column-0 > .fusion-column-wrapper {margin-right : 1.92%;margin-left : 1.92%;}}<\/style><\/div><style type=\"text\/css\">.fusion-body .fusion-flex-container.fusion-builder-row-1{ padding-top : 0px;margin-top : 0px;padding-right : 0px;padding-bottom : 0px;margin-bottom : 0px;padding-left : 0px;}<\/style><\/div><div class=\"fusion-fullwidth fullwidth-box fusion-builder-row-2 fusion-flex-container nonhundred-percent-fullwidth non-hundred-percent-height-scrolling\" style=\"background-color: rgba(255,255,255,0);background-position: center center;background-repeat: no-repeat;border-width: 0px 0px 0px 0px;border-color:#e2e2e2;border-style:solid;\" ><div class=\"fusion-builder-row fusion-row fusion-flex-align-items-flex-start\" style=\"max-width:1248px;margin-left: calc(-4% \/ 2 );margin-right: calc(-4% \/ 2 );\"><div class=\"fusion-layout-column fusion_builder_column fusion-builder-column-1 fusion_builder_column_3_4 3_4 fusion-flex-column\"><div class=\"fusion-column-wrapper fusion-flex-justify-content-flex-start fusion-content-layout-column\" style=\"background-position:left top;background-repeat:no-repeat;-webkit-background-size:cover;-moz-background-size:cover;-o-background-size:cover;background-size:cover;padding: 0px 0px 0px 0px;\"><div class=\"fusion-text fusion-text-1\" style=\"transform:translate3d(0,0,0);\"><h1 id=\"top\">Datenschutzerkl\u00e4rung<\/h1>\n<p>Mit dieser <strong>Datenschutzerkl\u00e4rung<\/strong> informieren wir, welche Personendaten wir wof\u00fcr, wie und wo bearbeiten, insbesondere im Zusammenhang mit unserer <strong>aviso.ch-Website<\/strong> und unserem sonstigen Angebot. Wir informieren mit dieser Datenschutzerkl\u00e4rung ausserdem \u00fcber die Rechte von Personen, deren Daten wir bearbeiten.<\/p>\n<p>F\u00fcr einzelne oder zus\u00e4tzliche Angebote und Leistungen k\u00f6nnen besondere, erg\u00e4nzende oder weitere Datenschutzerkl\u00e4rungen sowie sonstige rechtliche Dokumente wie Allgemeine Gesch\u00e4ftsbedingungen (AGB), Nutzungsbedingungen oder Teilnahmebedingungen gelten.<\/p>\n<p>Unser Angebot unterliegt dem schweizerischen Datenschutzrecht sowie allenfalls anwendbarem ausl\u00e4ndischem Datenschutzrecht wie insbesondere jenem der Europ\u00e4ischen Union (EU) mit der Datenschutz-Grundverordnung (DSGVO). Die Europ\u00e4ische Kommission <a href=\"https:\/\/eur-lex.europa.eu\/legal-content\/DE\/TXT\/?uri=CELEX:32000D0518\" target=\"_blank\" rel=\"noopener noreferrer\">anerkennt<\/a>, dass das schweizerische Datenschutzrecht einen angemessenen Datenschutz gew\u00e4hrleistet.<\/p>\n<h2 id=\"kontaktadressen\">1. Kontaktadressen<\/h2>\n<p>Verantwortung f\u00fcr die Bearbeitung von Personendaten:<\/p>\n<p><strong id=\"verantwortlicher\">Elisabeth Th\u00fcring<\/strong><br \/>\nAviso Treuhand AG<br \/>\nViaduktstrasse 65 \/ Pelikanweg 2<br \/>\nPostfach, CH-4002 Basel<\/p>\n<p><a href=\"mailto:info@aviso.ch\">info@aviso.ch<\/a><\/p>\n<p>Wir weisen darauf hin, wenn es im Einzelfall andere Verantwortliche f\u00fcr die Bearbeitung von Personendaten gibt.<\/p>\n<h2 id=\"bearbeitung\">2. Bearbeitung von Personendaten<\/h2>\n<h3 id=\"begriffe\">2.1 Begriffe<\/h3>\n<p><strong>Personendaten<\/strong> sind alle Angaben, die sich auf eine bestimmte oder bestimmbare Person beziehen. Eine <strong>betroffene Person<\/strong> ist eine Person, \u00fcber die Personendaten bearbeitet werden. <strong>Bearbeiten<\/strong> umfasst <em>jeden<\/em> Umgang mit Personendaten, <em>unabh\u00e4ngig<\/em> von den angewandten Mitteln und Verfahren, insbesondere das Aufbewahren, Bekanntgeben, Beschaffen, Erheben, L\u00f6schen, Speichern, Ver\u00e4ndern, Vernichten und Verwenden von Personendaten.<\/p>\n<p>Der <strong>Europ\u00e4ische Wirtschaftsraum (EWR)<\/strong> umfasst die Europ\u00e4ische Union (EU) sowie das F\u00fcrstentum Liechtenstein, Island und Norwegen. Die Datenschutz-Grundverordnung (DSGVO) bezeichnet die Bearbeitung von Personendaten als Verarbeitung von personenbezogenen Daten.<\/p>\n<h3 id=\"rechtsgrundlagen\">2.2 Rechtsgrundlagen<\/h3>\n<p>Wir bearbeiten Personendaten im Einklang mit dem schweizerischen Datenschutzrecht wie insbesondere dem <a id=\"36193\" href=\"https:\/\/www.admin.ch\/opc\/de\/classified-compilation\/19920153\/index.html\" target=\"_blank\" rel=\"noopener noreferrer\">Bundesgesetz \u00fcber den Datenschutz<\/a> (DSG) und der <a href=\"https:\/\/www.admin.ch\/opc\/de\/classified-compilation\/19930159\/index.html\" target=\"_blank\" rel=\"noopener noreferrer\">Verordnung zum Bundesgesetz \u00fcber den Datenschutz<\/a> (VDSG).<\/p>\n<p><span id=\"dsgvo\">Wir bearbeiten \u2013 sofern und soweit die Datenschutz-Grundverordnung (DSGVO) anwendbar ist \u2013 Personendaten gem\u00e4ss <em>mindestens<\/em> einer der folgenden Rechtsgrundlagen:<\/span><\/p>\n<ul>\n<li><a href=\"https:\/\/steigerlegal.ch\/dsgvo\/dsgvo-6\/\" target=\"_blank\" rel=\"nofollow noopener noreferrer\">Art. 6 Abs. 1 lit. b DSGVO<\/a> f\u00fcr die erforderliche Bearbeitung von Personendaten zur Erf\u00fcllung eines Vertrages mit der betroffenen Person sowie zur Durchf\u00fchrung vorvertraglicher Massnahmen.<\/li>\n<li>Art. 6 Abs. 1 lit. f DSGVO f\u00fcr die erforderliche Bearbeitung von Personendaten, um die berechtigten Interessen von uns oder von Dritten zu wahren, sofern nicht die Grundfreiheiten und Grundrechte sowie Interessen der betroffenen Person \u00fcberwiegen. Berechtigte Interessen sind insbesondere unser Interesse, unser Angebot dauerhaft, nutzerfreundlich, sicher und zuverl\u00e4ssig bereitstellen sowie daf\u00fcr bei Bedarf werben zu k\u00f6nnen, die Informationssicherheit sowie der Schutz vor Missbrauch und unbefugter Nutzung, die Durchsetzung von eigenen rechtlichen Anspr\u00fcchen und die Einhaltung von schweizerischem Recht.<\/li>\n<li>Art. 6 Abs. 1 lit. c DSGVO f\u00fcr die erforderliche Bearbeitung von Personendaten zur Erf\u00fcllung einer rechtlichen Verpflichtung, der wir gem\u00e4ss allenfalls anwendbarem Recht von Mitgliedstaaten im Europ\u00e4ischen Wirtschaftsraum (EWR) unterliegen.<\/li>\n<li>Art. 6 Abs. 1 lit. e DSGVO f\u00fcr die erforderliche Bearbeitung von Personendaten zur Wahrnehmung einer Aufgabe, die im \u00f6ffentlichen Interesse liegt.<\/li>\n<li>Art. 6 Abs. 1 lit. a DSGVO f\u00fcr die Bearbeitung von Personendaten mit Einwilligung der betroffenen Person.<\/li>\n<li>Art. 6 Abs. 1 lit. d DSGVO f\u00fcr die erforderliche Bearbeitung von Personendaten, um lebenswichtige Interessen der betroffenen Person oder einer anderen nat\u00fcrlichen Person zu sch\u00fctzen.<\/li>\n<\/ul>\n<h3 id=\"art-umfang-zweck\">2.3 Art, Umfang und Zweck<\/h3>\n<p>Wir bearbeiten jene Personendaten, die <strong>erforderlich<\/strong> sind, um unser Angebot dauerhaft, nutzerfreundlich, sicher und zuverl\u00e4ssig bereitstellen zu k\u00f6nnen. Solche Personendaten k\u00f6nnen in die Kategorien von Bestandes- und Kontaktdaten, Browser- und Ger\u00e4tedaten, Inhaltsdaten, Meta- beziehungsweise Randdaten und Nutzungsdaten, Standortdaten, Verkaufs-, Vertrags- und Zahlungsdaten fallen.<\/p>\n<p>Wir bearbeiten Personendaten w\u00e4hrend jener <strong>Dauer<\/strong>, die f\u00fcr den jeweiligen Zweck beziehungsweise die jeweiligen Zwecke oder gesetzlich erforderlich ist. Personendaten, deren Bearbeitung nicht mehr erforderlich ist, werden anonymisiert oder gel\u00f6scht. Personen, deren Daten wir bearbeiten, haben <em>grunds\u00e4tzlich<\/em> ein Recht auf L\u00f6schung.<\/p>\n<p>Wir bearbeiten Personendaten <em>grunds\u00e4tzlich<\/em> nur nach Einwilligung der betroffenen Person, es sei denn, die Bearbeitung ist aus anderen rechtlichen Gr\u00fcnden zul\u00e4ssig, beispielsweise zur Erf\u00fcllung eines Vertrages mit der betroffenen Person und f\u00fcr entsprechende vorvertragliche Massnahmen, um unsere \u00fcberwiegenden berechtigten Interessen zu wahren, weil die Bearbeitung aus den Umst\u00e4nden ersichtlich ist oder nach vorg\u00e4ngiger Information.<\/p>\n<p>In diesem Rahmen bearbeiten wir insbesondere Angaben, die eine betroffene Person bei der Kontaktaufnahme \u2013 beispielsweise per Briefpost, E-Mail, Kontaktformular, Social Media oder Telefon \u2013 oder bei der Registrierung f\u00fcr ein Nutzerkonto <em>freiwillig und selbst<\/em> an uns \u00fcbermittelt. Wir k\u00f6nnen solche Angaben beispielsweise in einem Adressbuch oder mit vergleichbaren Hilfsmitteln speichern. Sofern Sie Personendaten \u00fcber Dritte an uns \u00fcbermitteln, sind Sie verpflichtet, den Datenschutz gegen\u00fcber solchen Dritten zu gew\u00e4hrleisten sowie die Richtigkeit solcher Personendaten sicherzustellen.<\/p>\n<p>Wir bearbeiten ausserdem Personendaten, die wir von Dritten erhalten, aus \u00f6ffentlich zug\u00e4nglichen Quellen beschaffen oder bei der Bereitstellung unseres Angebotes erheben, sofern und soweit eine solche Bearbeitung aus rechtlichen Gr\u00fcnden zul\u00e4ssig ist.<\/p>\n<h3 id=\"dritte\">2.4 Bearbeitung von Personendaten durch Dritte, auch im Ausland<\/h3>\n<p>Wir k\u00f6nnen Personendaten durch beauftragte Dritte bearbeiten lassen oder gemeinsam mit Dritten sowie mit Hilfe von Dritten bearbeiten oder an Dritte \u00fcbermitteln. Bei solchen Dritten handelt es sich insbesondere um Anbieter, deren Leistungen wir in Anspruch nehmen. Wir gew\u00e4hrleisten auch bei solchen Dritten einen angemessenen Datenschutz.<\/p>\n<p>Solche Dritte befinden sich <em>grunds\u00e4tzlich<\/em> in der Schweiz sowie im Europ\u00e4ischen Wirtschaftsraum (EWR). Solche Dritte k\u00f6nnen sich aber auch in sonstigen Staaten und Territorien auf der Erde sowie anderswo im Universum befinden, sofern deren Datenschutzrecht nach <a href=\"https:\/\/www.edoeb.admin.ch\/edoeb\/de\/home\/datenschutz\/handel-und-wirtschaft\/uebermittlung-ins-ausland.html\" target=\"_blank\" rel=\"nofollow noopener noreferrer\">Einsch\u00e4tzung des Eidgen\u00f6ssischen Datenschutz- und \u00d6ffentlichkeitsbeauftragten<\/a> (ED\u00d6B) und \u2013 sofern und soweit die Datenschutz-Grundverordnung (DSGVO) anwendbar ist \u2013 nach <a href=\"https:\/\/ec.europa.eu\/info\/law\/law-topic\/data-protection\/data-transfers-outside-eu\/adequacy-protection-personal-data-non-eu-countries_de\" target=\"_blank\" rel=\"nofollow noopener noreferrer\">Einsch\u00e4tzung der Europ\u00e4ischen Kommission<\/a> \u2013 einen angemessenen Datenschutz gew\u00e4hrleistet, oder wenn aus anderen Gr\u00fcnden, wie beispielsweise durch eine entsprechende vertragliche Vereinbarung, insbesondere auf Grundlage von Standardvertragsklauseln, oder durch eine entsprechende Zertifizierung, ein angemessener Datenschutz gew\u00e4hrleistet ist. Ausnahmsweise kann sich ein solcher Dritter in einem Land ohne angemessenen Datenschutz befinden, sofern daf\u00fcr die datenschutzrechtlichen Voraussetzungen wie beispielsweise die ausdr\u00fcckliche Einwilligung der betroffenen Person erf\u00fcllt werden.<\/p>\n<h2 id=\"rechte\">3. Rechte von betroffenen Personen<\/h2>\n<p>Betroffene Personen, deren Personendaten wir bearbeiten, verf\u00fcgen \u00fcber die Rechte gem\u00e4ss schweizerischem Datenschutzrecht. Dazu z\u00e4hlen das Recht auf Auskunft sowie das Recht auf Berichtigung, L\u00f6schung oder Sperrung der bearbeiteten Personendaten.<\/p>\n<p>Betroffene Personen, deren Personendaten wir bearbeiten, k\u00f6nnen \u2013 sofern und soweit die Datenschutz-Grundverordnung (DSGVO) anwendbar ist \u2013 unentgeltlich eine Best\u00e4tigung, ob wir ihre Personendaten bearbeiten und, falls ja, Auskunft \u00fcber die Bearbeitung ihrer Personendaten verlangen, die Bearbeitung ihrer Personendaten einschr\u00e4nken lassen, ihr Recht auf Daten\u00fcbertragbarkeit wahrnehmen sowie ihre Personendaten berichtigen, l\u00f6schen (\u00abRecht auf Vergessen\u00bb), sperren oder vervollst\u00e4ndigen lassen.<\/p>\n<p>Betroffene Personen, deren Personendaten wir bearbeiten, k\u00f6nnen \u2013 sofern und soweit die DSGVO anwendbar ist \u2013 eine erteilte Einwilligung jederzeit mit Wirkung f\u00fcr die Zukunft widerrufen und jederzeit Widerspruch gegen die Bearbeitung ihrer Personendaten erheben.<\/p>\n<p>Betroffene Personen, deren Personendaten wir bearbeiten, verf\u00fcgen \u00fcber ein Beschwerderecht bei einer zust\u00e4ndigen Aufsichtsbeh\u00f6rde. Aufsichtsbeh\u00f6rde f\u00fcr den Datenschutz in der Schweiz ist der <a href=\"https:\/\/www.edoeb.admin.ch\/\" target=\"_blank\" rel=\"nofollow noopener noreferrer\">Eidgen\u00f6ssische Datenschutz- und \u00d6ffentlichkeitsbeauftragte<\/a> (ED\u00d6B).<\/p>\n<h2 id=\"sicherheit\">4. Datensicherheit<\/h2>\n<p>Wir treffen angemessene sowie geeignete technische und organisatorische Massnahmen, um den Datenschutz und insbesondere die Datensicherheit zu gew\u00e4hrleisten. Allerdings kann die Bearbeitung von Personendaten im Internet trotz solcher Massnahmen immer Sicherheitsl\u00fccken aufweisen. Wir k\u00f6nnen deshalb keine absolute Datensicherheit gew\u00e4hrleisten.<\/p>\n<p>Der Zugriff auf unser Online-Angebot erfolgt mittels Transportverschl\u00fcsselung (SSL \/ TLS, insbesondere mit dem Hypertext Transfer Protocol Secure, abgek\u00fcrzt HTTPS). Die meisten Browser kennzeichnen Transportverschl\u00fcsselung mit einem Vorh\u00e4ngeschloss in der Adressleiste.<\/p>\n<p>Der Zugriff auf unser Online-Angebot unterliegt \u2013 wie <em>grunds\u00e4tzlich<\/em> jede Internet-Nutzung \u2013 der anlasslosen und verdachtsunabh\u00e4ngigen Massen\u00fcberwachung sowie sonstigen \u00dcberwachung durch Sicherheitsbeh\u00f6rden in der Schweiz, in der Europ\u00e4ischen Union (EU), in den Vereinigten Staaten von Amerika (USA) und in anderen Staaten. Wir k\u00f6nnen keinen direkten Einfluss auf die entsprechende Bearbeitung von Personendaten durch Geheimdienste, Polizeistellen und andere Sicherheitsbeh\u00f6rden nehmen.<\/p>\n<h2 id=\"website\">5. Nutzung der Website<\/h2>\n<h3 id=\"cookies\">5.1 Cookies<\/h3>\n<p>Wir k\u00f6nnen Cookies f\u00fcr unsere Website verwenden. Bei Cookies \u2013 bei eigenen Cookies (First-Party-Cookies) als auch bei Cookies von Dritten, deren Dienste wir nutzen (Cookies von Dritten beziehungsweise Third-Party-Cookies) \u2013 handelt es sich um Daten, die in Ihrem Browser gespeichert werden. Solche gespeicherten Daten m\u00fcssen nicht auf traditionelle Cookies in Textform beschr\u00e4nkt sein. Cookies k\u00f6nnen keine Programme ausf\u00fchren oder Schadsoftware wie Trojaner und Viren \u00fcbertragen.<\/p>\n<p>Cookies k\u00f6nnen beim Besuch unserer Website in Ihrem Browser tempor\u00e4r als \u00abSession Cookies\u00bb oder f\u00fcr einen bestimmten Zeitraum als sogenannte permanente Cookies gespeichert werden. \u00abSession Cookies\u00bb werden automatisch gel\u00f6scht, wenn Sie Ihren Browser schliessen. Permanente Cookies haben eine bestimmte Speicherdauer. Sie erm\u00f6glichen insbesondere, Ihren Browser beim n\u00e4chsten Besuch unserer Website wiederzuerkennen und dadurch beispielsweise die Reichweite unserer Website zu messen. Permanente Cookies k\u00f6nnen aber beispielsweise auch f\u00fcr Online-Marketing verwendet werden.<\/p>\n<p>Sie k\u00f6nnen Cookies in Ihren Browser-Einstellungen jederzeit ganz oder teilweise deaktivieren sowie l\u00f6schen. Ohne Cookies steht unsere Website allenfalls nicht mehr in vollem Umfang zur Verf\u00fcgung. Wir ersuchen Sie \u2013 sofern und soweit erforderlich \u2013 aktiv um Ihre ausdr\u00fcckliche Einwilligung f\u00fcr die Verwendung von Cookies.<\/p>\n<h3 id=\"logdateien\">5.2 Server-Logdateien<\/h3>\n<p>Wir k\u00f6nnen f\u00fcr jeden Zugriff auf unsere Website nachfolgende Angaben erfassen, sofern diese von Ihrem Browser an unsere Server-Infrastruktur \u00fcbermittelt werden oder von unserem Webserver ermittelt werden k\u00f6nnen: Datum und Zeit einschliesslich Zeitzone, Internet Protocol (IP)-Adresse, Zugriffsstatus (HTTP-Statuscode), Betriebssystem einschliesslich Benutzeroberfl\u00e4che und Version, Browser einschliesslich Sprache und Version, aufgerufene einzelne Unter-Seite unserer Website einschliesslich \u00fcbertragener Datenmenge, zuletzt im gleichen Browser-Fenster aufgerufene Webseite (Referer beziehungsweise Referrer).<\/p>\n<p>Wir speichern solche Angaben, die auch Personendaten darstellen k\u00f6nnen, in Server-Logdateien. Die Angaben sind erforderlich, um unser Online-Angebot dauerhaft, nutzerfreundlich und zuverl\u00e4ssig bereitstellen sowie um die Datensicherheit und damit insbesondere den Schutz von Personendaten sicherstellen zu k\u00f6nnen \u2013 auch durch Dritte oder mit Hilfe von Dritten.<\/p>\n<h3 id=\"zaehlpixel\">5.3 Z\u00e4hlpixel<\/h3>\n<p>Wir k\u00f6nnen Z\u00e4hlpixel auf unserer Website verwenden. Z\u00e4hlpixel werden auch als Web-Beacons bezeichnet. Bei Z\u00e4hlpixeln \u2013 auch von Dritten, deren Dienste wir nutzen \u2013 handelt es sich um kleine, \u00fcblicherweise nicht sichtbare Bilder, die beim Besuch unserer Website automatisch abgerufen werden. Mit Z\u00e4hlpixeln k\u00f6nnen die gleichen Angaben wie in Server-Logdateien erfasst werden.<\/p>\n<h2 id=\"dienste\">6. Dienste von Dritten<\/h2>\n<p>Wir verwenden Dienste von Dritten, um unser Angebot dauerhaft, nutzerfreundlich, sicher und zuverl\u00e4ssig bereitstellen zu k\u00f6nnen. Solche Dienste dienen auch dazu, Inhalte in unsere Website einbetten zu k\u00f6nnen. Solche Dienste \u2013 beispielsweise Hosting- und Speicherdienste, Video-Dienste und Zahlungsdienste \u2013 ben\u00f6tigen Ihre Internet Protocol (IP)-Adresse, da solche Dienste die entsprechenden Inhalte ansonsten nicht \u00fcbermitteln k\u00f6nnen. Solche Dienste k\u00f6nnen sich ausserhalb der Schweiz und des Europ\u00e4ischen Wirtschaftsraumes (EWR) befinden, sofern ein angemessener Datenschutz gew\u00e4hrleistet ist.<\/p>\n<p>F\u00fcr ihre eigenen sicherheitsrelevanten, statistischen und technischen Zwecke k\u00f6nnen Dritte, deren Dienste wir nutzen, auch Daten im Zusammenhang mit unserem Angebot sowie aus anderen Quellen \u2013 unter anderem mit Cookies, Logdateien und Z\u00e4hlpixeln \u2013 aggregiert, anonymisiert oder pseudonymisiert bearbeiten.<\/p>\n<h3 id=\"infrastruktur\">6.1 Digitale Infrastruktur<\/h3>\n<p>Wir nutzen Dienste von Dritten, um ben\u00f6tigte digitale Infrastruktur f\u00fcr unser Angebot in Anspruch nehmen zu k\u00f6nnen. Dazu z\u00e4hlen beispielsweise Hosting- und Speicherdienste von spezialisierten Anbietern.<\/p>\n<p>Wir verwenden insbesondere:<\/p>\n<p><strong><a href=\"https:\/\/www.cyon.ch\/\" target=\"_blank\" rel=\"nofollow noopener noreferrer\">Cyon:<\/a><\/strong> Hosting; Anbieterin: Cyon GmbH (Schweiz); Angaben zum Datenschutz: <a href=\"https:\/\/www.cyon.ch\/legal\/privacy\" target=\"_blank\" rel=\"nofollow noopener noreferrer\">Datenschutzerkl\u00e4rung<\/a>.<\/p>\n<h3 id=\"kartenmaterial\">6.2 Kartenmaterial<\/h3>\n<p>Wir verwenden <strong>Google Maps<\/strong>, um Karten in unsere Website einbetten zu k\u00f6nnen. Dabei kommen auch Cookies zum Einsatz. Google Maps ist ein Dienst der amerikanischen Google LLC. F\u00fcr Nutzerinnen und Nutzer im Europ\u00e4ischen Wirtschaftsraum (EWR) und in der Schweiz ist die irische <a href=\"https:\/\/www.blog.google\/around-the-globe\/google-europe\/some-changes-our-service-model-europe\/\">Google Ireland Limited<\/a> verantwortlich. Weitere Angaben \u00fcber Art, Umfang und Zweck der Datenbearbeitung finden sich in den <a href=\"https:\/\/safety.google\/principles\/?hl=de\">Grunds\u00e4tzen f\u00fcr Datenschutz und Sicherheit<\/a> und in der <a href=\"https:\/\/policies.google.com\/privacy?hl=de\">Datenschutzerkl\u00e4rung<\/a> jeweils von Google, im <a href=\"https:\/\/policies.google.com\/technologies\/product-privacy?hl=de\">Leitfaden zum Datenschutz in Google-Produkten<\/a> (einschliesslich Google Maps), in den <a href=\"https:\/\/policies.google.com\/technologies\/partner-sites?hl=de\">Informationen, wie Google Daten von Websites verwendet, auf denen Google-Dienste genutzt werden<\/a> und in den <a href=\"https:\/\/policies.google.com\/technologies\/cookies?hl=de\">Informationen \u00fcber Cookies bei Google<\/a>. Ausserdem besteht die M\u00f6glichkeit, <a href=\"https:\/\/adssettings.google.com\/\">Widerspruch gegen personalisierte Werbung<\/a> zu erheben.<\/p>\n<h3 id=\"schriftarten\">6.3 Schriftarten<\/h3>\n<p>Wir verwenden <strong>Google Fonts<\/strong>, um ausgew\u00e4hlte Schriftarten in unsere Website einbetten zu k\u00f6nnen. Dabei kommen <a href=\"https:\/\/developers.google.com\/fonts\/faq#what_does_using_the_google_fonts_api_mean_for_the_privacy_of_my_users\"><em>keine<\/em> Cookies<\/a> zum Einsatz. Es handelt sich um einen Dienst der amerikanischen Google LLC, der unabh\u00e4ngig von anderen Google-Diensten angeboten wird. F\u00fcr Nutzerinnen und Nutzer im Europ\u00e4ischen Wirtschaftsraum (EWR) und in der Schweiz ist die irische <a href=\"https:\/\/www.blog.google\/around-the-globe\/google-europe\/some-changes-our-service-model-europe\/\">Google Ireland Limited<\/a> verantwortlich. Weitere Angaben \u00fcber Art, Umfang und Zweck der Datenbearbeitung finden sich in den <a href=\"https:\/\/safety.google\/principles\/?hl=de\">Grunds\u00e4tzen f\u00fcr Datenschutz und Sicherheit<\/a> sowie in der <a href=\"https:\/\/policies.google.com\/privacy?hl=de\">Datenschutzerkl\u00e4rung<\/a> von Google.<\/p>\n<h2 id=\"erweiterungen\">7. Erweiterungen f\u00fcr die Website<\/h2>\n<p>Wir verwenden <strong>Google reCAPTCHA<\/strong>, um Eingabeformulare vor Bots und Spam zu sch\u00fctzen, gleichzeitig aber Eingaben von Menschen zuverl\u00e4ssig zu erm\u00f6glichen. Dabei kommen auch Cookies zum Einsatz. Es handelt sich um einen Dienst der amerikanischen Google LLC. F\u00fcr Nutzerinnen und Nutzer im Europ\u00e4ischen Wirtschaftsraum (EWR) und in der Schweiz ist die irische <a href=\"https:\/\/www.blog.google\/around-the-globe\/google-europe\/some-changes-our-service-model-europe\/\" target=\"_blank\" rel=\"nofollow noopener noreferrer\">Google Ireland Limited<\/a> verantwortlich. Weitere Angaben \u00fcber Art, Umfang und Zweck der Datenbearbeitung finden sich in den <a href=\"https:\/\/safety.google\/principles\/?hl=de\" target=\"_blank\" rel=\"nofollow noopener noreferrer\">Grunds\u00e4tzen f\u00fcr Datenschutz und Sicherheit<\/a> und in der <a href=\"https:\/\/policies.google.com\/privacy?hl=de\" target=\"_blank\" rel=\"nofollow noopener noreferrer\">Datenschutzerkl\u00e4rung<\/a> jeweils von Google sowie in den <a href=\"https:\/\/policies.google.com\/technologies\/cookies?hl=de\" target=\"_blank\" rel=\"nofollow noopener noreferrer\">Informationen \u00fcber Cookies bei Google<\/a>.<\/p>\n<h2 id=\"schlussbestimmungen\">8. Schlussbestimmungen<\/h2>\n<p>Wir haben diese Datenschutzerkl\u00e4rung mit dem <a href=\"https:\/\/www.datenschutzpartner.ch\/angebot-datenschutz-generator\/\" target=\"_blank\" rel=\"nofollow noopener noreferrer\">Datenschutz-Generator<\/a> von <a href=\"https:\/\/datenschutzpartner.ch\/\" target=\"_blank\" rel=\"nofollow noopener noreferrer\">Datenschutzpartner<\/a> erstellt.<\/p>\n<p>Wir k\u00f6nnen diese Datenschutzerkl\u00e4rung jederzeit anpassen und erg\u00e4nzen. Wir werden \u00fcber solche Anpassungen und Erg\u00e4nzungen in geeigneter Form informieren, insbesondere durch Ver\u00f6ffentlichung der jeweils aktuellen Datenschutzerkl\u00e4rung auf unserer Website.<\/p>\n<\/div><\/div><\/div><style type=\"text\/css\">.fusion-body .fusion-builder-column-1{width:75% !important;margin-top : 0px;margin-bottom : 20px;}.fusion-builder-column-1 > .fusion-column-wrapper {padding-top : 0px !important;padding-right : 0px !important;margin-right : 2.56%;padding-bottom : 0px !important;padding-left : 0px !important;margin-left : 2.56%;}@media only screen and (max-width:1024px) {.fusion-body .fusion-builder-column-1{width:75% !important;order : 0;}.fusion-builder-column-1 > .fusion-column-wrapper {margin-right : 2.56%;margin-left : 2.56%;}}@media only screen and (max-width:640px) {.fusion-body .fusion-builder-column-1{width:100% !important;order : 0;}.fusion-builder-column-1 > .fusion-column-wrapper {margin-right : 1.92%;margin-left : 1.92%;}}<\/style><\/div><style type=\"text\/css\">.fusion-body .fusion-flex-container.fusion-builder-row-2{ padding-top : 0px;margin-top : 0px;padding-right : 0px;padding-bottom : 0px;margin-bottom : 0px;padding-left : 0px;}<\/style><\/div><\/p>\n","protected":false},"excerpt":{"rendered":"","protected":false},"author":1,"featured_media":0,"parent":0,"menu_order":0,"comment_status":"closed","ping_status":"closed","template":"100-width.php","meta":[],"_links":{"self":[{"href":"https:\/\/aviso.ch\/en\/wp-json\/wp\/v2\/pages\/221"}],"collection":[{"href":"https:\/\/aviso.ch\/en\/wp-json\/wp\/v2\/pages"}],"about":[{"href":"https:\/\/aviso.ch\/en\/wp-json\/wp\/v2\/types\/page"}],"author":[{"embeddable":true,"href":"https:\/\/aviso.ch\/en\/wp-json\/wp\/v2\/users\/1"}],"replies":[{"embeddable":true,"href":"https:\/\/aviso.ch\/en\/wp-json\/wp\/v2\/comments?post=221"}],"version-history":[{"count":0,"href":"https:\/\/aviso.ch\/en\/wp-json\/wp\/v2\/pages\/221\/revisions"}],"wp:attachment":[{"href":"https:\/\/aviso.ch\/en\/wp-json\/wp\/v2\/media?parent=221"}],"curies":[{"name":"wp","href":"https:\/\/api.w.org\/{rel}","templated":true}]}}